{"id":6471,"date":"2025-07-15T13:09:41","date_gmt":"2025-07-15T11:09:41","guid":{"rendered":"https:\/\/kulturabhof.at\/2025\/?page_id=6471"},"modified":"2025-08-19T09:31:43","modified_gmt":"2025-08-19T07:31:43","slug":"landingpage","status":"publish","type":"page","link":"https:\/\/kulturabhof.at\/2025\/","title":{"rendered":"Landingpage"},"content":{"rendered":"<div class=\"gb-container gb-container-58b36f69 alignfull\">\n\n<div style=\"height:100px\" aria-hidden=\"true\" class=\"wp-block-spacer\"><\/div>\n\n\n<div class=\"gb-container gb-container-d9d4502b\">\n<div class=\"gb-container gb-container-bb9046cd\">\n\n<p class=\"gb-headline gb-headline-7ee556fb gb-headline-text\">\ud83e\udd73 20 Jahre<\/p>\n\n\n\n<h1 class=\"gb-headline gb-headline-5fa94311 gb-headline-text\"><mark style=\"background-color:rgba(0, 0, 0, 0)\" class=\"has-inline-color has-custom-gelb-color\">Kultur ab Hof<\/mark><\/h1>\n\n\n\n<p class=\"gb-headline gb-headline-2b841e67 gb-headline-text\">15.-16. August 2025<\/p>\n\n<\/div>\n\n\n<div style=\"height:25px\" aria-hidden=\"true\" class=\"wp-block-spacer\"><\/div>\n\n\n<div class=\"gb-container gb-container-d3d41ae7\">\n\n<figure class=\"wp-block-image aligncenter size-full is-resized\"><img loading=\"lazy\" decoding=\"async\" width=\"512\" height=\"512\" src=\"https:\/\/kulturabhof.at\/2024\/wp-content\/uploads\/2024\/03\/chick.png\" alt=\"\" class=\"wp-image-184\" style=\"width:50px;height:auto\" srcset=\"https:\/\/kulturabhof.at\/2025\/wp-content\/uploads\/2024\/03\/chick.png 512w, https:\/\/kulturabhof.at\/2025\/wp-content\/uploads\/2024\/03\/chick-300x300.png 300w, https:\/\/kulturabhof.at\/2025\/wp-content\/uploads\/2024\/03\/chick-150x150.png 150w\" sizes=\"auto, (max-width: 512px) 100vw, 512px\" \/><\/figure>\n\n\n\n<figure class=\"wp-block-image aligncenter size-full is-resized\"><img loading=\"lazy\" decoding=\"async\" width=\"512\" height=\"512\" src=\"https:\/\/kulturabhof.at\/2024\/wp-content\/uploads\/2024\/03\/chick.png\" alt=\"\" class=\"wp-image-184\" style=\"width:50px;height:auto\" srcset=\"https:\/\/kulturabhof.at\/2025\/wp-content\/uploads\/2024\/03\/chick.png 512w, https:\/\/kulturabhof.at\/2025\/wp-content\/uploads\/2024\/03\/chick-300x300.png 300w, https:\/\/kulturabhof.at\/2025\/wp-content\/uploads\/2024\/03\/chick-150x150.png 150w\" sizes=\"auto, (max-width: 512px) 100vw, 512px\" \/><\/figure>\n\n<\/div>\n<\/div>\n\n\n<div style=\"height:100px\" aria-hidden=\"true\" class=\"wp-block-spacer\"><\/div>\n\n<div class=\"gb-shapes\"><div class=\"gb-shape gb-shape-1\"><svg xmlns=\"http:\/\/www.w3.org\/2000\/svg\" viewBox=\"0 0 1200 96.2\" preserveAspectRatio=\"none\"><path d=\"M0 96.2h1200V72.9l-50-8.9c-50-8.6-150-26.9-250-22.2C800 46.2 700 72.9 600 64 500 55.4 400 10.4 300 1.8 200-7.1 100 19.5 50 32.9L0 46.2v50z\"\/><\/svg><\/div><div class=\"gb-shape gb-shape-2\"><svg xmlns=\"http:\/\/www.w3.org\/2000\/svg\" viewBox=\"0 0 1200 211.2\" preserveAspectRatio=\"none\"><path d=\"M1200 188.4v22.8H0v-22.8C84.3 78.9 321.1 0 600 0s515.7 78.9 600 188.4z\"\/><\/svg><\/div><\/div><\/div>\n\n<div class=\"gb-container gb-container-4ceb67e2\">\n\n<div class=\"wp-block-group has-custom-wei-poster-background-color has-background is-layout-flow wp-block-group-is-layout-flow\" style=\"border-radius:25px;margin-top:0;margin-bottom:0;padding-top:0;padding-right:var(--wp--preset--spacing--10);padding-bottom:0;padding-left:var(--wp--preset--spacing--10)\">\n<figure class=\"wp-block-image aligncenter size-full is-resized is-style-rounded is-style-rounded--1\" style=\"margin-top:-1px;margin-right:-3px;margin-bottom:-1px;margin-left:-3px\"><img loading=\"lazy\" decoding=\"async\" width=\"1280\" height=\"1600\" src=\"https:\/\/kulturabhof.at\/2025\/wp-content\/uploads\/2025\/07\/2025_Plakat_KaH.jpeg\" alt=\"\" class=\"wp-image-4309\" style=\"width:500px\" srcset=\"https:\/\/kulturabhof.at\/2025\/wp-content\/uploads\/2025\/07\/2025_Plakat_KaH.jpeg 1280w, https:\/\/kulturabhof.at\/2025\/wp-content\/uploads\/2025\/07\/2025_Plakat_KaH-240x300.jpeg 240w, https:\/\/kulturabhof.at\/2025\/wp-content\/uploads\/2025\/07\/2025_Plakat_KaH-819x1024.jpeg 819w, https:\/\/kulturabhof.at\/2025\/wp-content\/uploads\/2025\/07\/2025_Plakat_KaH-768x960.jpeg 768w, https:\/\/kulturabhof.at\/2025\/wp-content\/uploads\/2025\/07\/2025_Plakat_KaH-1229x1536.jpeg 1229w\" sizes=\"auto, (max-width: 1280px) 100vw, 1280px\" \/><\/figure>\n<\/div>\n\n<\/div>\n\n<div class=\"gb-container gb-container-72eb89c7 alignfull\">\n<div class=\"gb-container gb-container-d0801282 alignwide\">\n\n<div style=\"height:800px\" aria-hidden=\"true\" class=\"wp-block-spacer\"><\/div>\n\n\n\n<p class=\"gb-headline gb-headline-92df8792 gb-headline-text\"><mark style=\"background-color:rgba(0, 0, 0, 0)\" class=\"has-inline-color has-custom-gelb-color\">Benefizfestival<\/mark> am wundersch\u00f6nen<br>Eckl&#8217;Hof in Hochburg-Ach<\/p>\n\n\n\n<p class=\"gb-headline gb-headline-bbd421d2 gb-headline-text\"><em>veranstaltet von<\/em><\/p>\n\n\n<div class=\"gb-container gb-container-b03635df\">\n\n<figure class=\"wp-block-image size-full is-resized\"><img loading=\"lazy\" decoding=\"async\" width=\"148\" height=\"290\" src=\"https:\/\/kulturabhof.at\/2024\/wp-content\/uploads\/2024\/06\/inndreiviertel.png\" alt=\"Inn-Drei-Viertel Logo\" class=\"wp-image-1742\" style=\"width:50px;height:auto\"\/><\/figure>\n\n<\/div>\n\n\n<div style=\"height:100px\" aria-hidden=\"true\" class=\"wp-block-spacer\"><\/div>\n\n<\/div>\n<div class=\"gb-shapes\"><div class=\"gb-shape gb-shape-1\"><svg xmlns=\"http:\/\/www.w3.org\/2000\/svg\" viewBox=\"0 0 1200 211.2\" preserveAspectRatio=\"none\"><path d=\"M1200 188.4v22.8H0v-22.8C84.3 78.9 321.1 0 600 0s515.7 78.9 600 188.4z\"\/><\/svg><\/div><\/div><\/div>\n\n<div class=\"gb-container gb-container-6a7fd6b2 alignfull\">\n\n<div class=\"wp-block-group has-global-padding is-layout-constrained wp-container-core-group-is-layout-bc384794 wp-block-group-is-layout-constrained\" style=\"margin-top:0;margin-bottom:0;padding-top:0;padding-right:0;padding-bottom:0;padding-left:0\">\n<div style=\"height:250px\" aria-hidden=\"true\" class=\"wp-block-spacer\"><\/div>\n\n\n\n<h2 class=\"gb-headline gb-headline-0465fa20 gb-headline-text\">Ein Wochenende voller<br>Herz &amp; VielfalT<\/h2>\n\n\n\n<div style=\"height:25px\" aria-hidden=\"true\" class=\"wp-block-spacer\"><\/div>\n\n\n\n<p class=\"gb-headline gb-headline-5ec56f47 gb-headline-text\">\u2764\ufe0f\ud83c\udf89<\/p>\n\n\n<div class=\"gb-container gb-container-a2567c25\">\n\n<p class=\"gb-headline gb-headline-431f7b2a gb-headline-text\">Musik, Workshops, Kinderprogramm, Kulinarik, soziales Engagement \u2013 und vieles mehr zum Entdecken und Mitmachen.<\/p>\n\n<\/div>\n\n<div class=\"gb-container gb-container-6fa26761 alignwide\">\n\n<a class=\"gb-button gb-button-0b59cf06\" href=\"https:\/\/kulturabhof.at\/2025\/programm2025\"><span class=\"gb-icon\"><svg aria-hidden=\"true\" role=\"img\" height=\"1em\" width=\"1em\" viewBox=\"0 0 448 512\" xmlns=\"http:\/\/www.w3.org\/2000\/svg\"><path fill=\"currentColor\" d=\"M148 288h-40c-6.6 0-12-5.4-12-12v-40c0-6.6 5.4-12 12-12h40c6.6 0 12 5.4 12 12v40c0 6.6-5.4 12-12 12zm108-12v-40c0-6.6-5.4-12-12-12h-40c-6.6 0-12 5.4-12 12v40c0 6.6 5.4 12 12 12h40c6.6 0 12-5.4 12-12zm96 0v-40c0-6.6-5.4-12-12-12h-40c-6.6 0-12 5.4-12 12v40c0 6.6 5.4 12 12 12h40c6.6 0 12-5.4 12-12zm-96 96v-40c0-6.6-5.4-12-12-12h-40c-6.6 0-12 5.4-12 12v40c0 6.6 5.4 12 12 12h40c6.6 0 12-5.4 12-12zm-96 0v-40c0-6.6-5.4-12-12-12h-40c-6.6 0-12 5.4-12 12v40c0 6.6 5.4 12 12 12h40c6.6 0 12-5.4 12-12zm192 0v-40c0-6.6-5.4-12-12-12h-40c-6.6 0-12 5.4-12 12v40c0 6.6 5.4 12 12 12h40c6.6 0 12-5.4 12-12zm96-260v352c0 26.5-21.5 48-48 48H48c-26.5 0-48-21.5-48-48V112c0-26.5 21.5-48 48-48h48V12c0-6.6 5.4-12 12-12h40c6.6 0 12 5.4 12 12v52h128V12c0-6.6 5.4-12 12-12h40c6.6 0 12 5.4 12 12v52h48c26.5 0 48 21.5 48 48zm-48 346V160H48v298c0 3.3 2.7 6 6 6h340c3.3 0 6-2.7 6-6z\"><\/path><\/svg><\/span><span class=\"gb-button-text\">Programm 2025<br>\u00f6ffnen<\/span><\/a>\n\n<\/div>\n\n\n<div style=\"height:350px\" aria-hidden=\"true\" class=\"wp-block-spacer\"><\/div>\n<\/div>\n\n<div class=\"gb-shapes\"><div class=\"gb-shape gb-shape-1\"><svg xmlns=\"http:\/\/www.w3.org\/2000\/svg\" viewBox=\"0 0 1200 96.2\" preserveAspectRatio=\"none\"><path d=\"M0 96.2h1200V72.9l-50-8.9c-50-8.6-150-26.9-250-22.2C800 46.2 700 72.9 600 64 500 55.4 400 10.4 300 1.8 200-7.1 100 19.5 50 32.9L0 46.2v50z\"\/><\/svg><\/div><\/div><\/div>\n\n\n<div class=\"wp-block-group alignfull has-custom-wei-poster-background-color has-background has-global-padding is-layout-constrained wp-block-group-is-layout-constrained\"><div class=\"gb-container gb-container-eddf2932 alignfull\">\n\n<div style=\"height:250px\" aria-hidden=\"true\" class=\"wp-block-spacer\"><\/div>\n\n\n\n<h2 class=\"gb-headline gb-headline-f36a5287 gb-headline-text\"><mark style=\"background-color:rgba(0, 0, 0, 0)\" class=\"has-inline-color has-custom-hellblau-color\">Eintritt frei<\/mark> &#8211;<br>Gemeinsam feiern<br>f\u00fcr einen guten<br>Zweck!<\/h2>\n\n\n<div class=\"gb-container gb-container-271089b3\">\n\n<p class=\"has-x-large-font-size\">\ud83d\udc99&nbsp;&nbsp;<\/p>\n\n\n\n<p class=\"has-x-large-font-size\">\ud83d\udc9a<\/p>\n\n\n\n<p class=\"has-x-large-font-size\">&nbsp;&nbsp;\ud83d\udc9b<\/p>\n\n\n\n<p class=\"has-x-large-font-size\">\ud83e\udde1&nbsp;&nbsp;<\/p>\n\n\n\n<p class=\"has-x-large-font-size\">\u2764\ufe0f<\/p>\n\n\n\n<figure class=\"gb-block-image gb-block-image-74c5b12d\"><img loading=\"lazy\" decoding=\"async\" width=\"512\" height=\"512\" class=\"gb-image gb-image-74c5b12d\" src=\"https:\/\/kulturabhof.at\/2025\/wp-content\/uploads\/2025\/07\/donation_17282866-1.png\" alt=\"Spendenbox\" srcset=\"https:\/\/kulturabhof.at\/2025\/wp-content\/uploads\/2025\/07\/donation_17282866-1.png 512w, https:\/\/kulturabhof.at\/2025\/wp-content\/uploads\/2025\/07\/donation_17282866-1-300x300.png 300w, https:\/\/kulturabhof.at\/2025\/wp-content\/uploads\/2025\/07\/donation_17282866-1-150x150.png 150w\" sizes=\"auto, (max-width: 512px) 100vw, 512px\" \/><\/figure>\n\n<\/div>\n\n<div class=\"gb-container gb-container-f7d435cc\">\n\n<div class=\"wp-block-group has-custom-color-4-background-color has-background is-layout-flow wp-block-group-is-layout-flow\">\n<div class=\"wp-block-group has-global-padding is-layout-constrained wp-container-core-group-is-layout-97829e9f wp-block-group-is-layout-constrained\" style=\"padding-right:var(--wp--preset--spacing--40);padding-left:var(--wp--preset--spacing--40)\">\n<div style=\"height:100px\" aria-hidden=\"true\" class=\"wp-block-spacer\"><\/div>\n\n\n\n<p class=\"gb-headline gb-headline-2ae34bb5 gb-headline-text\">Am Eingang steht eine <strong><mark style=\"background-color:rgba(0, 0, 0, 0);color:#b22e5f\" class=\"has-inline-color\">Spendenbox<\/mark><\/strong><\/p>\n\n\n\n<div style=\"height:25px\" aria-hidden=\"true\" class=\"wp-block-spacer\"><\/div>\n\n\n\n<p class=\"gb-headline gb-headline-26e4067a gb-headline-text\">\u201eGib, was du kannst\u201c &#8211; ein Gro\u00dfteil des Reinerl\u00f6ses kommt einem wohlt\u00e4tigen Projekt zugute.<\/p>\n<\/div>\n\n\n\n<div style=\"height:100px\" aria-hidden=\"true\" class=\"wp-block-spacer\"><\/div>\n<\/div>\n\n<div class=\"gb-shapes\"><div class=\"gb-shape gb-shape-1\"><svg xmlns=\"http:\/\/www.w3.org\/2000\/svg\" viewBox=\"0 0 1200 96.2\" preserveAspectRatio=\"none\"><path d=\"M0 96.2h1200V72.9l-50-8.9c-50-8.6-150-26.9-250-22.2C800 46.2 700 72.9 600 64 500 55.4 400 10.4 300 1.8 200-7.1 100 19.5 50 32.9L0 46.2v50z\"\/><\/svg><\/div><div class=\"gb-shape gb-shape-2\"><svg xmlns=\"http:\/\/www.w3.org\/2000\/svg\" viewBox=\"0 0 1200 96.2\" preserveAspectRatio=\"none\"><path d=\"M0 96.2h1200V72.9l-50-8.9c-50-8.6-150-26.9-250-22.2C800 46.2 700 72.9 600 64 500 55.4 400 10.4 300 1.8 200-7.1 100 19.5 50 32.9L0 46.2v50z\"\/><\/svg><\/div><\/div><\/div>\n<\/div><\/div>\n\n\n<div class=\"gb-container gb-container-9488e4b7\">\n\n<div class=\"wp-block-group has-custom-wei-poster-background-color has-background is-layout-flow wp-block-group-is-layout-flow\">\n<div class=\"wp-block-group has-global-padding is-layout-constrained wp-container-core-group-is-layout-97829e9f wp-block-group-is-layout-constrained\" style=\"padding-right:var(--wp--preset--spacing--40);padding-left:var(--wp--preset--spacing--40)\">\n<div style=\"height:200px\" aria-hidden=\"true\" class=\"wp-block-spacer\"><\/div>\n\n\n\n<h2 class=\"gb-headline gb-headline-a486cbe4 gb-headline-text\">Benefiz-Tombola<\/h2>\n\n\n\n<p class=\"has-text-align-center has-large-font-size\">\ud83c\udf81\ud83d\udce6\ud83c\udf89\ud83c\udf9f\ufe0f\ud83d\udc9d<\/p>\n\n\n\n<p class=\"gb-headline gb-headline-2ac0cefd gb-headline-text\">Freu dich auf unsere Benefiz-Tombola <mark style=\"background-color:rgba(0, 0, 0, 0);color:#ff3157\" class=\"has-inline-color\">am Samstag<\/mark> \u2013 jedes Los gewinnt!<\/p>\n\n\n\n<div style=\"height:200px\" aria-hidden=\"true\" class=\"wp-block-spacer\"><\/div>\n\n\n\n<div style=\"height:15px\" aria-hidden=\"true\" class=\"wp-block-spacer\"><\/div>\n<\/div>\n<\/div>\n\n<\/div>\n\n\n<div class=\"wp-block-group alignfull has-background is-layout-flow wp-block-group-is-layout-flow\" style=\"background-color:#bf505859\"><div class=\"gb-container gb-container-0388d0bb alignfull\">\n\n<div style=\"height:200px\" aria-hidden=\"true\" class=\"wp-block-spacer\"><\/div>\n\n\n\n<h2 class=\"gb-headline gb-headline-42c596ed gb-headline-text\"><mark style=\"background-color:rgba(0, 0, 0, 0);color:#ff2b52\" class=\"has-inline-color\">Spendenziel<\/mark><\/h2>\n\n\n\n<div style=\"height:25px\" aria-hidden=\"true\" class=\"wp-block-spacer\"><\/div>\n\n\n\n<p class=\"gb-headline gb-headline-41ec352f gb-headline-text\">Heuer unterst\u00fctzen wir die <strong>Aktion &#8222;<a href=\"https:\/\/www.dioezese-linz.at\/pfarre\/4131\/infoundhilfe\/hilfe\/article\/108500.html\" target=\"_blank\" rel=\"noreferrer noopener nofollow\">HILFE IM ALLTAG<\/a>&#8222;<\/strong> &#8211; schnelle Hilfe f\u00fcr Menschen in finanzieller Not in Hochburg-Ach.<\/p>\n\n\n\n<p class=\"has-text-align-center has-x-large-font-size\">\ud83d\udc97<\/p>\n\n\n\n<p class=\"gb-headline gb-headline-f0a5265e gb-headline-text\">Aktion &#8222;HILFE IM ALLTAG&#8220; &#8211; kurze Vorstellung am Samstagnachmittag.<\/p>\n\n\n\n<div style=\"height:250px\" aria-hidden=\"true\" class=\"wp-block-spacer\"><\/div>\n\n<div class=\"gb-shapes\"><div class=\"gb-shape gb-shape-1\"><svg xmlns=\"http:\/\/www.w3.org\/2000\/svg\" viewBox=\"0 0 1200 130.3\" preserveAspectRatio=\"none\"><path d=\"M0 107.9l40-22.2c40-21.9 120-66.9 200-62.2 80 4.4 160 57.8 240 53.3C560 72 640 10.4 720 1.2S880 37 960 59c80 22.3 160 22.3 200 22.3h40v49H0v-22.4z\"\/><\/svg><\/div><div class=\"gb-shape gb-shape-2\"><svg xmlns=\"http:\/\/www.w3.org\/2000\/svg\" viewBox=\"0 0 1200 130.3\" preserveAspectRatio=\"none\"><path d=\"M0 107.9l40-22.2c40-21.9 120-66.9 200-62.2 80 4.4 160 57.8 240 53.3C560 72 640 10.4 720 1.2S880 37 960 59c80 22.3 160 22.3 200 22.3h40v49H0v-22.4z\"\/><\/svg><\/div><\/div><\/div><\/div>\n\n\n\n<div class=\"wp-block-group alignfull has-contrast-color has-text-color has-background has-link-color wp-elements-0f504e180588b3f979cfb8ddaec58c5e is-layout-flow wp-block-group-is-layout-flow\" style=\"background-color:#fbe8e7\"><div class=\"gb-container gb-container-db67994e alignfull\">\n<div class=\"gb-container gb-container-c09a320d alignfull\">\n\n<div style=\"height:150px\" aria-hidden=\"true\" class=\"wp-block-spacer\"><\/div>\n\n\n\n<p class=\"gb-headline gb-headline-afa798b8 gb-headline-text\"><em>Du kannst beim Fest nicht pers\u00f6nlich dabei sein, m\u00f6chtest aber trotzdem etwas beitragen?<\/em><\/p>\n\n\n\n<p class=\"gb-headline gb-headline-27638feb gb-headline-text\"><em>Wir freuen uns \u00fcber deine Unterst\u00fctzung!<\/em><\/p>\n\n\n\n<div style=\"height:50px\" aria-hidden=\"true\" class=\"wp-block-spacer\"><\/div>\n\n\n<div class=\"gb-container gb-container-a7d2d84a\">\n\n<p class=\"gb-headline gb-headline-c60bcac6 gb-headline-text\"><strong>KONTO:<br><\/strong>Kulturverein inn.drei.viertel<\/p>\n\n\n\n<p class=\"gb-headline gb-headline-e25e210d gb-headline-text\"><br><strong>IBAN<\/strong><br>AT42 3406 0000 0861 5528<\/p>\n\n\n\n<p class=\"gb-headline gb-headline-3e27e205 gb-headline-text\"><br><strong>VERWENDUNGSZWECK<\/strong><br>&#8222;Spende 2025&#8220;<\/p>\n\n\n\n<div style=\"height:25px\" aria-hidden=\"true\" class=\"wp-block-spacer\"><\/div>\n\n<\/div>\n\n\n<p class=\"has-text-align-center has-x-large-font-size\" style=\"margin-top:var(--wp--preset--spacing--10);margin-bottom:var(--wp--preset--spacing--10)\">\ud83d\udc9d<\/p>\n\n\n\n<div style=\"height:251px\" aria-hidden=\"true\" class=\"wp-block-spacer\"><\/div>\n\n<\/div>\n<div class=\"gb-shapes\"><div class=\"gb-shape gb-shape-1\"><svg xmlns=\"http:\/\/www.w3.org\/2000\/svg\" viewBox=\"0 0 1200 130.3\" preserveAspectRatio=\"none\"><path d=\"M0 107.9l40-22.2c40-21.9 120-66.9 200-62.2 80 4.4 160 57.8 240 53.3C560 72 640 10.4 720 1.2S880 37 960 59c80 22.3 160 22.3 200 22.3h40v49H0v-22.4z\"\/><\/svg><\/div><\/div><\/div><\/div>\n\n\n\n<div style=\"height:200px\" aria-hidden=\"true\" class=\"wp-block-spacer\"><\/div>\n\n\n\n<div class=\"wp-block-group has-global-padding is-layout-constrained wp-block-group-is-layout-constrained\">\n<h2 class=\"gb-headline gb-headline-c0110276 gb-headline-text\">Sponsoren<\/h2>\n\n\n<div class=\"gb-container gb-container-7475af8d\">\n\n<a class=\"gb-button gb-button-a626ec58 gb-button-text\" href=\"https:\/\/kulturabhof.at\/2025\/Sponsoren2025\" rel=\"nofollow\">Sponsoren 2025<br>anzeigen<\/a>\n\n<\/div><\/div>\n\n\n\n<div style=\"height:600px\" aria-hidden=\"true\" class=\"wp-block-spacer\"><\/div>\n\n\n\n<div class=\"wp-block-group has-global-padding is-layout-constrained wp-block-group-is-layout-constrained\">\n<h2 class=\"gb-headline gb-headline-121cdb1a gb-headline-text\">Programm im<br>\u00dcberblick<\/h2>\n\n\n<div class=\"gb-container gb-container-b27928f2 alignwide\">\n\n<a class=\"gb-button gb-button-c05864b1\" href=\"https:\/\/kulturabhof.at\/2025\/programm2025\"><span class=\"gb-icon\"><svg aria-hidden=\"true\" role=\"img\" height=\"1em\" width=\"1em\" viewBox=\"0 0 448 512\" xmlns=\"http:\/\/www.w3.org\/2000\/svg\"><path fill=\"currentColor\" d=\"M148 288h-40c-6.6 0-12-5.4-12-12v-40c0-6.6 5.4-12 12-12h40c6.6 0 12 5.4 12 12v40c0 6.6-5.4 12-12 12zm108-12v-40c0-6.6-5.4-12-12-12h-40c-6.6 0-12 5.4-12 12v40c0 6.6 5.4 12 12 12h40c6.6 0 12-5.4 12-12zm96 0v-40c0-6.6-5.4-12-12-12h-40c-6.6 0-12 5.4-12 12v40c0 6.6 5.4 12 12 12h40c6.6 0 12-5.4 12-12zm-96 96v-40c0-6.6-5.4-12-12-12h-40c-6.6 0-12 5.4-12 12v40c0 6.6 5.4 12 12 12h40c6.6 0 12-5.4 12-12zm-96 0v-40c0-6.6-5.4-12-12-12h-40c-6.6 0-12 5.4-12 12v40c0 6.6 5.4 12 12 12h40c6.6 0 12-5.4 12-12zm192 0v-40c0-6.6-5.4-12-12-12h-40c-6.6 0-12 5.4-12 12v40c0 6.6 5.4 12 12 12h40c6.6 0 12-5.4 12-12zm96-260v352c0 26.5-21.5 48-48 48H48c-26.5 0-48-21.5-48-48V112c0-26.5 21.5-48 48-48h48V12c0-6.6 5.4-12 12-12h40c6.6 0 12 5.4 12 12v52h128V12c0-6.6 5.4-12 12-12h40c6.6 0 12 5.4 12 12v52h48c26.5 0 48 21.5 48 48zm-48 346V160H48v298c0 3.3 2.7 6 6 6h340c3.3 0 6-2.7 6-6z\"><\/path><\/svg><\/span><span class=\"gb-button-text\">Programm 2025<br>\u00f6ffnen<\/span><\/a>\n\n<\/div><\/div>\n\n\n\n<div class=\"wp-block-group has-global-padding is-layout-constrained wp-container-core-group-is-layout-19c400f2 wp-block-group-is-layout-constrained\" style=\"margin-top:0;margin-bottom:0\">\n<div style=\"height:350px\" aria-hidden=\"true\" class=\"wp-block-spacer\"><\/div>\n\n\n\n<figure class=\"gb-block-image gb-block-image-392cb251\"><img loading=\"lazy\" decoding=\"async\" width=\"512\" height=\"512\" class=\"gb-image gb-image-392cb251\" src=\"https:\/\/kulturabhof.at\/2024\/wp-content\/uploads\/2024\/03\/self-care.png\" alt=\"Wasser flie\u00dft aus der Gie\u00dfkanne auf  eine Blume mit herzf\u00f6rmigen Bl\u00fcten \" srcset=\"https:\/\/kulturabhof.at\/2025\/wp-content\/uploads\/2024\/03\/self-care.png 512w, https:\/\/kulturabhof.at\/2025\/wp-content\/uploads\/2024\/03\/self-care-300x300.png 300w, https:\/\/kulturabhof.at\/2025\/wp-content\/uploads\/2024\/03\/self-care-150x150.png 150w\" sizes=\"auto, (max-width: 512px) 100vw, 512px\" \/><\/figure>\n\n\n\n<p class=\"has-text-align-center\" style=\"font-size:12px\">Letztes Update: <strong>11. August 2025<\/strong><\/p>\n<\/div>\n\n\n\n<div style=\"height:200px\" aria-hidden=\"true\" class=\"wp-block-spacer\"><\/div>\n","protected":false},"excerpt":{"rendered":"<p>\ud83e\udd73 20 Jahre Kultur ab Hof 15.-16. August 2025 Benefizfestival am wundersch\u00f6nenEckl&#8217;Hof in Hochburg-Ach veranstaltet von Ein Wochenende vollerHerz &amp; VielfalT \u2764\ufe0f\ud83c\udf89 Musik, Workshops, Kinderprogramm, Kulinarik, soziales Engagement \u2013 und vieles mehr zum Entdecken und Mitmachen. Eintritt frei &#8211;Gemeinsam feiernf\u00fcr einen gutenZweck! \ud83d\udc99&nbsp;&nbsp; \ud83d\udc9a &nbsp;&nbsp;\ud83d\udc9b \ud83e\udde1&nbsp;&nbsp; \u2764\ufe0f Am Eingang steht eine Spendenbox \u201eGib, was du [&hellip;]<\/p>\n","protected":false},"author":1,"featured_media":0,"parent":0,"menu_order":0,"comment_status":"closed","ping_status":"closed","template":"","meta":{"footnotes":""},"class_list":["post-6471","page","type-page","status-publish","hentry"],"_links":{"self":[{"href":"https:\/\/kulturabhof.at\/2025\/wp-json\/wp\/v2\/pages\/6471","targetHints":{"allow":["GET"]}}],"collection":[{"href":"https:\/\/kulturabhof.at\/2025\/wp-json\/wp\/v2\/pages"}],"about":[{"href":"https:\/\/kulturabhof.at\/2025\/wp-json\/wp\/v2\/types\/page"}],"author":[{"embeddable":true,"href":"https:\/\/kulturabhof.at\/2025\/wp-json\/wp\/v2\/users\/1"}],"replies":[{"embeddable":true,"href":"https:\/\/kulturabhof.at\/2025\/wp-json\/wp\/v2\/comments?post=6471"}],"version-history":[{"count":33,"href":"https:\/\/kulturabhof.at\/2025\/wp-json\/wp\/v2\/pages\/6471\/revisions"}],"predecessor-version":[{"id":6897,"href":"https:\/\/kulturabhof.at\/2025\/wp-json\/wp\/v2\/pages\/6471\/revisions\/6897"}],"wp:attachment":[{"href":"https:\/\/kulturabhof.at\/2025\/wp-json\/wp\/v2\/media?parent=6471"}],"curies":[{"name":"wp","href":"https:\/\/api.w.org\/{rel}","templated":true}]}}